{"id":2427,"date":"2015-07-17T15:16:40","date_gmt":"2015-07-17T15:16:40","guid":{"rendered":"http:\/\/teste.somaquifer.pt\/wordpress\/?page_id=2427"},"modified":"2015-07-17T16:23:16","modified_gmt":"2015-07-17T16:23:16","slug":"sobre","status":"publish","type":"page","link":"https:\/\/www.litinfor.pt\/?page_id=2427","title":{"rendered":"Sobre&#8230;"},"content":{"rendered":"<div  class=\"mp-row-fluid motopress-row\">\n<div class=\"mp-span12 motopress-clmn\">\n<div class=\"motopress-image-obj motopress-text-align-center\"><img src=\"https:\/\/www.litinfor.pt\/wp-content\/uploads\/2015\/07\/litinfor.jpg\" title=\"litinfor\" alt=\"litinfor\" class=\"motopress-image-obj-basic\" \/><\/div>\n<\/div>\n<\/div>\n<div  class=\"mp-row-fluid motopress-row\">\n<div class=\"mp-span12 motopress-clmn\">\n<div class=\"motopress-text-obj\">\n<h2><span style=\"color: #0099cc;\">Litinfor<\/span><\/h2>\n<\/div>\n<\/div>\n<\/div>\n<div  class=\"mp-row-fluid motopress-row\">\n<div class=\"mp-span12 motopress-clmn\">\n<div class=\"motopress-text-obj\">\n<p class=\"MsoNormal\" style=\"text-align: justify;\"><span style=\"font-family: 'Arial',sans-serif; color: #444f51; mso-fareast-language: PT;\">A <strong>LITINFOR<\/strong>, iniciou a sua atividade em Junho de 1983, no desenvolvimento de Software\u00a0 Comercial de Gest\u00e3o, Contabilidade Geral, Recursos Humanos e Or\u00e7amentos\/Obras, para microcomputadores e computadores de m\u00e9dio porte.<\/span><\/p>\n<p class=\"MsoNormal\" style=\"text-align: justify;\"><span style=\"font-family: 'Arial',sans-serif; color: #444f51; mso-fareast-language: PT;\">Em 1986 tornou-se agente da Olivetti Portuguesa, Sa., na \u00e1rea da grande Lisboa para a comercializa\u00e7\u00e3o de toda a sua gama de produtos de Inform\u00e1tica (Servidores, Microcomputadores, Impressoras laser e matriciais, Fotocopiadoras, Faxs e Consum\u00edveis, bem como Centro de Assist\u00eancia T\u00e9cnica.<\/span><\/p>\n<p class=\"MsoNormal\" style=\"text-align: justify;\"><span style=\"font-family: 'Arial',sans-serif; color: #444f51; mso-fareast-language: PT;\">Passou a implementar solu\u00e7\u00f5es de rede Unix, Novell, Windows NT, 2000\/2003\/2008 Server, bem como instala\u00e7\u00e3o de infra-estruturas de cablagem de comunica\u00e7\u00e3o de dados, voz e energia.<\/span><\/p>\n<p class=\"MsoNormal\" style=\"text-align: justify;\"><span style=\"font-family: 'Arial',sans-serif; color: #444f51; mso-fareast-language: PT;\">A partir de 1999, a Litinfor estabeleceu parceria t\u00e9cnica com Compaq como centro assist\u00eancia, at\u00e9 \u00e0 fus\u00e3o da Compaq com a\u00a0 HP em 2006. A n\u00edvel comercial continuamos a comercializar Servidores da linha ML\/DL, bem como toda a gama de PCs, Port\u00e1teis e impressoras. <\/span><\/p>\n<p class=\"MsoNormal\" style=\"text-align: justify;\"><span style=\"font-family: 'Arial',sans-serif; color: #444f51; mso-fareast-language: PT;\">Em 2001, a Litinfor tornou-se Parceiro da Primavera Business Solution com o estatuto de Certified Partner. Desde ent\u00e3o t\u00eam desenvolvido a sua \u00e1rea de implementa\u00e7\u00e3o e desenvolvimento sobre esta Plataforma<\/span><\/p>\n<p class=\"MsoNormal\" style=\"text-align: justify;\"><span style=\"font-family: 'Arial',sans-serif; color: #444f51; mso-fareast-language: PT;\">Em 2010\u00a0 a Litinfor ganhou o estatuto de OKI Colour Partner<\/span><\/p>\n<p>&nbsp;<\/p>\n<p class=\"MsoNormal\" style=\"text-align: justify;\"><span style=\"font-family: 'Arial',sans-serif; color: #444f51; mso-fareast-language: PT;\">Uma das grandes apostas da Litinfor \u00e9 a forma\u00e7\u00e3o e certifica\u00e7\u00e3o t\u00e9cnica dos seus colaboradores. Tudo para que possamos fornecer o melhor servi\u00e7o.<\/span><\/p>\n<\/div>\n<\/div>\n<\/div>\n<div  class=\"mp-row-fluid motopress-row\">\n<div class=\"mp-span12 motopress-clmn\">\n<div class=\"motopress-text-obj\">\n<p class=\"MsoNormal\" style=\"text-align: justify;\"><span style=\"font-size: 12.0pt; line-height: 107%; font-family: 'Arial',sans-serif; color: #2e74b5; mso-themecolor: accent1; mso-themeshade: 191; mso-fareast-language: PT;\">\u00c9 nossa miss\u00e3o<\/span><\/p>\n<p class=\"MsoNormal\" style=\"margin-bottom: 10.0pt; text-align: justify; line-height: 125%;\"><span style=\"font-family: 'Arial',sans-serif; color: #444f51; mso-fareast-language: PT;\">Prestarmos um servi\u00e7o de qualidade diferenciada, assegurando aos nossos Clientes a otimiza\u00e7\u00e3o dos investimentos realizados. <\/span><\/p>\n<p class=\"MsoNormal\" style=\"margin-bottom: 10.0pt; text-align: justify; line-height: 125%;\"><span style=\"font-family: 'Arial',sans-serif; color: #444f51; mso-fareast-language: PT;\">Proporcionarmos a realiza\u00e7\u00e3o profissional e contribuirmos para a realiza\u00e7\u00e3o pessoal de todos os nossos Colaboradores. <\/span><\/p>\n<p>&nbsp;<\/p>\n<p class=\"MsoNormal\" style=\"margin-bottom: 10.0pt; text-align: justify; line-height: 125%;\"><span style=\"font-family: 'Arial',sans-serif; color: #444f51; mso-fareast-language: PT;\">Comprometemo-nos com os nossos Clientes, Fornecedores e outros Parceiros de Neg\u00f3cio, a trabalhar em conjunto em projetos inovadores, geradores de solu\u00e7\u00f5es tecnol\u00f3gicas globais e capazes de fortalecer as nossas rela\u00e7\u00f5es a longo prazo.<\/span><\/p>\n<\/div>\n<\/div>\n<\/div>\n","protected":false},"excerpt":{"rendered":"","protected":false},"author":1,"featured_media":0,"parent":0,"menu_order":0,"comment_status":"open","ping_status":"open","template":"page-fullwidth.php","meta":[],"_links":{"self":[{"href":"https:\/\/www.litinfor.pt\/index.php?rest_route=\/wp\/v2\/pages\/2427"}],"collection":[{"href":"https:\/\/www.litinfor.pt\/index.php?rest_route=\/wp\/v2\/pages"}],"about":[{"href":"https:\/\/www.litinfor.pt\/index.php?rest_route=\/wp\/v2\/types\/page"}],"author":[{"embeddable":true,"href":"https:\/\/www.litinfor.pt\/index.php?rest_route=\/wp\/v2\/users\/1"}],"replies":[{"embeddable":true,"href":"https:\/\/www.litinfor.pt\/index.php?rest_route=%2Fwp%2Fv2%2Fcomments&post=2427"}],"version-history":[{"count":2,"href":"https:\/\/www.litinfor.pt\/index.php?rest_route=\/wp\/v2\/pages\/2427\/revisions"}],"predecessor-version":[{"id":2431,"href":"https:\/\/www.litinfor.pt\/index.php?rest_route=\/wp\/v2\/pages\/2427\/revisions\/2431"}],"wp:attachment":[{"href":"https:\/\/www.litinfor.pt\/index.php?rest_route=%2Fwp%2Fv2%2Fmedia&parent=2427"}],"curies":[{"name":"wp","href":"https:\/\/api.w.org\/{rel}","templated":true}]}}