{"id":2327,"date":"2015-07-17T11:30:37","date_gmt":"2015-07-17T11:30:37","guid":{"rendered":"http:\/\/teste.somaquifer.pt\/wordpress\/?page_id=2327"},"modified":"2015-07-17T16:59:24","modified_gmt":"2015-07-17T16:59:24","slug":"tlim-solucao-retalho","status":"publish","type":"page","link":"https:\/\/www.litinfor.pt\/?page_id=2327","title":{"rendered":"Tlim Solu\u00e7\u00e3o Retalho"},"content":{"rendered":"<div  class=\"mp-row-fluid motopress-row\">\n<div class=\"mp-span12 motopress-clmn\">\n<div class=\"motopress-image-obj motopress-text-align-left\"><img src=\"https:\/\/www.litinfor.pt\/wp-content\/uploads\/2015\/07\/Retalho_Top.png\" title=\"Retalho_Top\" alt=\"Retalho_Top\" class=\"motopress-image-obj-basic\" \/><\/div>\n<\/div>\n<\/div>\n<div  class=\"mp-row-fluid motopress-row\">\n<div class=\"mp-span12 motopress-clmn\">\n<div class=\"motopress-text-obj\">\n<h2><span style=\"color: #0099cc;\">Retalho<\/span><\/h2>\n<\/div>\n<\/div>\n<\/div>\n<div  class=\"mp-row-fluid motopress-row\">\n<div class=\"mp-span12 motopress-clmn\">\n<div class=\"motopress-text-obj\">\n<p class=\"MsoNormal\" style=\"margin-bottom: .0001pt; line-height: 18.0pt;\"><em><span style=\"font-size: 15.0pt; mso-fareast-font-family: 'Times New Roman'; mso-bidi-font-family: Helvetica; color: #0d3752; mso-fareast-language: PT;\">Uma experi\u00eancia \u00fanica na gest\u00e3o do com\u00e9rcio a retalho<\/span><\/em><\/p>\n<p>&nbsp;<\/p>\n<p class=\"MsoNormal\" style=\"margin-bottom: 5.0pt; line-height: 18.0pt;\"><span style=\"font-size: 10.5pt; mso-fareast-font-family: 'Times New Roman'; mso-bidi-font-family: Helvetica; color: #0d3752; mso-fareast-language: PT;\">O grau de exig\u00eancia cada vez mais elevado dos consumidores coloca aos empres\u00e1rios do setor do retalho um conjunto de desafios acrescidos que n\u00e3o podem ser descurados quando se pretende prestar um servi\u00e7o de qualidade.<\/span><\/p>\n<p>Uma das ferramentas mais eficazes para corresponder \u00e0s expetativas dos clientes que procuram uma experi\u00eancia de compra cada vez mais rica \u00e9 uma solu\u00e7\u00e3o de frente de loja que permita elevar os n\u00edveis de efici\u00eancia e de qualidade do servi\u00e7o prestado.<\/p>\n<p>Com um ambiente de trabalho touchscreen povoado de temas com imagens apelativas de elevada qualidade e alusivas ao neg\u00f3cio, a solu\u00e7\u00e3o TlimTM proporciona uma experi\u00eancia de utiliza\u00e7\u00e3o rica e diferenciadora, que conduz a uma maior rentabiliza\u00e7\u00e3o do trabalho di\u00e1rio.<\/p>\n<p>Endere\u00e7ado a todo o tipo de estabelecimentos de com\u00e9rcio a retalho, desde lojas de vestu\u00e1rio e cal\u00e7ado, produtos frescos, supermercados e lojas alimentares, centros de est\u00e9tica e bem estar, lojas de decora\u00e7\u00e3o, entre muitos outros, a solu\u00e7\u00e3o TlimTM permite-lhe gerir o seu neg\u00f3cio com efici\u00eancia, conferindo simultaneamente uma imagem de modernidade e eleg\u00e2ncia ao seu estabelecimento.<\/p>\n<p>Destinada a empresas de menor dimens\u00e3o, que requerem uma abrang\u00eancia funcional mais reduzida nomeadamente ao n\u00edvel da integra\u00e7\u00e3o, a PRIMAVERA disponibiliza igualmente a configura\u00e7\u00e3o Tlim!TM Easy.<\/p>\n<\/div>\n<\/div>\n<\/div>\n<div  class=\"mp-row-fluid motopress-row\">\n<div class=\"mp-span12 motopress-clmn\">\n<div class=\"motopress-image-obj motopress-text-align-right\"><img src=\"https:\/\/www.litinfor.pt\/wp-content\/uploads\/2015\/07\/Retalho_Bottom.png\" title=\"Retalho_Bottom\" alt=\"Retalho_Bottom\" class=\"motopress-image-obj-basic\" \/><\/div>\n<\/div>\n<\/div>\n","protected":false},"excerpt":{"rendered":"","protected":false},"author":1,"featured_media":0,"parent":0,"menu_order":0,"comment_status":"open","ping_status":"closed","template":"page-fullwidth.php","meta":[],"_links":{"self":[{"href":"https:\/\/www.litinfor.pt\/index.php?rest_route=\/wp\/v2\/pages\/2327"}],"collection":[{"href":"https:\/\/www.litinfor.pt\/index.php?rest_route=\/wp\/v2\/pages"}],"about":[{"href":"https:\/\/www.litinfor.pt\/index.php?rest_route=\/wp\/v2\/types\/page"}],"author":[{"embeddable":true,"href":"https:\/\/www.litinfor.pt\/index.php?rest_route=\/wp\/v2\/users\/1"}],"replies":[{"embeddable":true,"href":"https:\/\/www.litinfor.pt\/index.php?rest_route=%2Fwp%2Fv2%2Fcomments&post=2327"}],"version-history":[{"count":3,"href":"https:\/\/www.litinfor.pt\/index.php?rest_route=\/wp\/v2\/pages\/2327\/revisions"}],"predecessor-version":[{"id":2338,"href":"https:\/\/www.litinfor.pt\/index.php?rest_route=\/wp\/v2\/pages\/2327\/revisions\/2338"}],"wp:attachment":[{"href":"https:\/\/www.litinfor.pt\/index.php?rest_route=%2Fwp%2Fv2%2Fmedia&parent=2327"}],"curies":[{"name":"wp","href":"https:\/\/api.w.org\/{rel}","templated":true}]}}