{"id":2319,"date":"2015-07-17T11:14:24","date_gmt":"2015-07-17T11:14:24","guid":{"rendered":"http:\/\/teste.somaquifer.pt\/wordpress\/?page_id=2319"},"modified":"2015-07-17T17:02:58","modified_gmt":"2015-07-17T17:02:58","slug":"primavera-starter-easy","status":"publish","type":"page","link":"https:\/\/www.litinfor.pt\/?page_id=2319","title":{"rendered":"Primavera Starter Easy"},"content":{"rendered":"<div  class=\"mp-row-fluid motopress-row\">\n<div class=\"mp-span12 motopress-clmn\">\n<div class=\"motopress-image-obj motopress-text-align-left\"><img src=\"https:\/\/www.litinfor.pt\/wp-content\/uploads\/2015\/07\/StarterEasy_Top.jpg\" title=\"StarterEasy_Top\" alt=\"StarterEasy_Top\" class=\"motopress-image-obj-basic\" \/><\/div>\n<\/div>\n<\/div>\n<div  class=\"mp-row-fluid motopress-row\">\n<div class=\"mp-span12 motopress-clmn\">\n<div class=\"motopress-text-obj\">\n<h2><span style=\"color: #0099cc;\"><strong>Starter Easy<\/strong><\/span><\/h2>\n<\/div>\n<\/div>\n<\/div>\n<div  class=\"mp-row-fluid motopress-row\">\n<div class=\"mp-span12 motopress-clmn\">\n<div class=\"motopress-text-obj\">\n<p class=\"MsoNormal\" style=\"margin-bottom: .0001pt; line-height: 18.0pt;\"><em><span style=\"font-size: 14.0pt; mso-bidi-font-size: 15.0pt; mso-fareast-font-family: 'Times New Roman'; mso-bidi-font-family: Helvetica; color: #0d3752; mso-fareast-language: PT;\">PRIMAVERA STARTER Easy \u2013 O seu neg\u00f3cio sempre a faturar<\/span><\/em><\/p>\n<p class=\"MsoNormal\" style=\"margin-bottom: .0001pt; line-height: 18.0pt;\"><span style=\"font-size: 10.0pt; mso-bidi-font-size: 10.5pt; mso-fareast-font-family: 'Times New Roman'; mso-bidi-font-family: Helvetica; color: #0d3752; mso-fareast-language: PT;\">O tratamento das opera\u00e7\u00f5es comerciais e de gest\u00e3o n\u00e3o tem que ser um processo moroso e complexo.<br \/>\nProcura uma solu\u00e7\u00e3o de fatura\u00e7\u00e3o simples, acess\u00edvel, moderna e que lhe garanta o cumprimento das obriga\u00e7\u00f5es legais e fiscais?<\/p>\n<p>As solu\u00e7\u00f5es PRIMAVERA Starter Easy simplificam a fatura\u00e7\u00e3o das micro e pequenas empresas ou Empres\u00e1rios em Nome Individual atrav\u00e9s de tecnologia avan\u00e7ada, mas simples que garante o tratamento r\u00e1pido e eficiente dos processos comerciais e fiscais.<\/p>\n<p>Ideal para empresas de presta\u00e7\u00e3o de servi\u00e7os, com\u00e9rcio, ou outras atividades, estas solu\u00e7\u00f5es impulsionam o neg\u00f3cio porque automatizam grande parte das opera\u00e7\u00f5es e respondem \u00e0 crescente necessidade de mobilidade.<\/p>\n<p>O software Starter Easy \u00e9 uma configura\u00e7\u00e3o monoposto, mono-empresa e mono-armaz\u00e9m e disponibiliza funcionalidades de duas \u00e1reas:<\/span><\/p>\n<ul type=\"disc\">\n<li class=\"MsoNormal\" style=\"color: #0d3752; mso-margin-top-alt: auto; mso-margin-bottom-alt: auto; line-height: 18.0pt; mso-list: l0 level1 lfo1; tab-stops: list 36.0pt;\"><span style=\"font-size: 10.0pt; mso-bidi-font-size: 10.5pt; mso-fareast-font-family: 'Times New Roman'; mso-bidi-font-family: Helvetica; mso-fareast-language: PT;\">Log\u00edstica<\/span><\/li>\n<li class=\"MsoNormal\" style=\"color: #0d3752; mso-margin-top-alt: auto; mso-margin-bottom-alt: auto; line-height: 18.0pt; mso-list: l0 level1 lfo1; tab-stops: list 36.0pt;\"><span style=\"font-size: 10.0pt; mso-bidi-font-size: 10.5pt; mso-fareast-font-family: 'Times New Roman'; mso-bidi-font-family: Helvetica; mso-fareast-language: PT;\">Tesouraria<\/span><\/li>\n<\/ul>\n<p><strong><span style=\"font-size: 11.0pt; line-height: 107%; font-family: 'Calibri',sans-serif; mso-ascii-theme-font: minor-latin; mso-fareast-font-family: Calibri; mso-fareast-theme-font: minor-latin; mso-hansi-theme-font: minor-latin; mso-bidi-font-family: 'Times New Roman'; mso-bidi-theme-font: minor-bidi; color: #1f4e79; mso-themecolor: accent1; mso-themeshade: 128; mso-ansi-language: PT; mso-fareast-language: EN-US; mso-bidi-language: AR-SA;\">Mais informa\u00e7\u00e3o \u2026.<\/span><\/strong><\/p>\n<\/div>\n<\/div>\n<\/div>\n<div  class=\"mp-row-fluid motopress-row\">\n<div class=\"mp-span12 motopress-clmn\">\n<div class=\"motopress-code-obj\">\n<p>Folheto PRIMAVERA STARTER EASY<\/p>\n<\/div>\n<\/div>\n<\/div>\n<div  class=\"mp-row-fluid motopress-row\">\n<div class=\"mp-span12 motopress-clmn\">\n<div class=\"motopress-text-obj\">\n<h2><span style=\"color: #0099cc;\">Vendas<\/span><\/h2>\n<\/div>\n<\/div>\n<\/div>\n<div  class=\"mp-row-fluid motopress-row\">\n<div class=\"mp-span12 motopress-clmn\">\n<div  class=\"mp-row-fluid motopress-row\">\n<div class=\"mp-span12 motopress-clmn\">\n<div class=\"motopress-text-obj\">\n<p class=\"MsoNormal\" style=\"margin-bottom: .0001pt; line-height: 18.0pt;\"><em><span style=\"font-size: 14.0pt; mso-bidi-font-size: 15.0pt; mso-fareast-font-family: 'Times New Roman'; mso-bidi-font-family: Helvetica; color: #0d3752; mso-fareast-language: PT;\">Fatura\u00e7\u00e3o e Stocks<\/span><\/em><\/p>\n<p class=\"MsoNormal\" style=\"margin-bottom: .0001pt; line-height: 18.0pt;\"><strong><span style=\"font-size: 10.0pt; mso-bidi-font-size: 10.5pt; mso-fareast-font-family: 'Times New Roman'; mso-bidi-font-family: Helvetica; color: #00adde; mso-fareast-language: PT;\">Fatura\u00e7\u00e3o<\/span><\/strong><span style=\"font-size: 10.0pt; mso-bidi-font-size: 10.5pt; mso-fareast-font-family: 'Times New Roman'; mso-bidi-font-family: Helvetica; color: #0d3752; mso-fareast-language: PT;\"><br \/>\n<\/span><\/p>\n<ul type=\"disc\">\n<li class=\"MsoNormal\" style=\"color: #0d3752; mso-margin-top-alt: auto; mso-margin-bottom-alt: auto; line-height: 18.0pt; mso-list: l3 level1 lfo1; tab-stops: list 36.0pt;\"><span style=\"font-size: 10.0pt; mso-bidi-font-size: 10.5pt; mso-fareast-font-family: 'Times New Roman'; mso-bidi-font-family: Helvetica; mso-fareast-language: PT;\">Emiss\u00e3o dos seguintes documentos de venda: Faturas, Vendas a Dinheiro, Notas de Cr\u00e9dito, Notas de D\u00e9bito, Guias de Remessa e de Transporte;<\/span><\/li>\n<li class=\"MsoNormal\" style=\"color: #0d3752; mso-margin-top-alt: auto; mso-margin-bottom-alt: auto; line-height: 18.0pt; mso-list: l3 level1 lfo1; tab-stops: list 36.0pt;\"><span style=\"font-size: 10.0pt; mso-bidi-font-size: 10.5pt; mso-fareast-font-family: 'Times New Roman'; mso-bidi-font-family: Helvetica; mso-fareast-language: PT;\">Inser\u00e7\u00e3o do logotipo nos documentos comerciais;<\/span><\/li>\n<li class=\"MsoNormal\" style=\"color: #0d3752; mso-margin-top-alt: auto; mso-margin-bottom-alt: auto; line-height: 18.0pt; mso-list: l3 level1 lfo1; tab-stops: list 36.0pt;\"><span style=\"font-size: 10.0pt; mso-bidi-font-size: 10.5pt; mso-fareast-font-family: 'Times New Roman'; mso-bidi-font-family: Helvetica; mso-fareast-language: PT;\">Possibilidade de configurar Ecr\u00e3 de Vendas conforme prefer\u00eancias do utilizador<\/span><\/li>\n<li class=\"MsoNormal\" style=\"color: #0d3752; mso-margin-top-alt: auto; mso-margin-bottom-alt: auto; line-height: 18.0pt; mso-list: l3 level1 lfo1; tab-stops: list 36.0pt;\"><span style=\"font-size: 10.0pt; mso-bidi-font-size: 10.5pt; mso-fareast-font-family: 'Times New Roman'; mso-bidi-font-family: Helvetica; mso-fareast-language: PT;\">Teclas de atalho para acesso r\u00e1pido \u00e0s opera\u00e7\u00f5es mais comuns;<\/span><\/li>\n<li class=\"MsoNormal\" style=\"color: #0d3752; mso-margin-top-alt: auto; mso-margin-bottom-alt: auto; line-height: 18.0pt; mso-list: l3 level1 lfo1; tab-stops: list 36.0pt;\"><span style=\"font-size: 10.0pt; mso-bidi-font-size: 10.5pt; mso-fareast-font-family: 'Times New Roman'; mso-bidi-font-family: Helvetica; mso-fareast-language: PT;\">Acesso aos dados estat\u00edsticos do cliente e do artigo no momento da fatura\u00e7\u00e3o;<\/span><\/li>\n<li class=\"MsoNormal\" style=\"color: #0d3752; mso-margin-top-alt: auto; mso-margin-bottom-alt: auto; line-height: 18.0pt; mso-list: l3 level1 lfo1; tab-stops: list 36.0pt;\"><span style=\"font-size: 10.0pt; mso-bidi-font-size: 10.5pt; mso-fareast-font-family: 'Times New Roman'; mso-bidi-font-family: Helvetica; mso-fareast-language: PT;\">Tratamento diferencial de artigos de acordo com v\u00e1rias caracter\u00edsticas: dimens\u00f5es, cores e tamanhos;<\/span><\/li>\n<li class=\"MsoNormal\" style=\"color: #0d3752; mso-margin-top-alt: auto; mso-margin-bottom-alt: auto; line-height: 18.0pt; mso-list: l3 level1 lfo1; tab-stops: list 36.0pt;\"><span style=\"font-size: 10.0pt; mso-bidi-font-size: 10.5pt; mso-fareast-font-family: 'Times New Roman'; mso-bidi-font-family: Helvetica; mso-fareast-language: PT;\">Tratamento de Devolu\u00e7\u00f5es.<\/span><\/li>\n<\/ul>\n<p class=\"MsoNormal\" style=\"margin-bottom: .0001pt; line-height: 18.0pt;\"><span style=\"font-size: 10.0pt; mso-bidi-font-size: 10.5pt; mso-fareast-font-family: 'Times New Roman'; mso-bidi-font-family: Helvetica; color: #0d3752; mso-fareast-language: PT;\"><\/p>\n<p><\/span><strong><span style=\"font-size: 10.0pt; mso-bidi-font-size: 10.5pt; mso-fareast-font-family: 'Times New Roman'; mso-bidi-font-family: Helvetica; color: #00adde; mso-fareast-language: PT;\">Vendas \/ Vendas ao Balc\u00e3o (POS)<\/span><\/strong><span style=\"font-size: 10.0pt; mso-bidi-font-size: 10.5pt; mso-fareast-font-family: 'Times New Roman'; mso-bidi-font-family: Helvetica; color: #0d3752; mso-fareast-language: PT;\"><br \/>\n<\/span><\/p>\n<ul type=\"disc\">\n<li class=\"MsoNormal\" style=\"color: #0d3752; mso-margin-top-alt: auto; mso-margin-bottom-alt: auto; line-height: 18.0pt; mso-list: l0 level1 lfo2; tab-stops: list 36.0pt;\"><span style=\"font-size: 10.0pt; mso-bidi-font-size: 10.5pt; mso-fareast-font-family: 'Times New Roman'; mso-bidi-font-family: Helvetica; mso-fareast-language: PT;\">Abertura e Fecho de Caixa, al\u00e9m de entradas e sa\u00eddas de Caixa;<\/span><\/li>\n<li class=\"MsoNormal\" style=\"color: #0d3752; mso-margin-top-alt: auto; mso-margin-bottom-alt: auto; line-height: 18.0pt; mso-list: l0 level1 lfo2; tab-stops: list 36.0pt;\"><span style=\"font-size: 10.0pt; mso-bidi-font-size: 10.5pt; mso-fareast-font-family: 'Times New Roman'; mso-bidi-font-family: Helvetica; mso-fareast-language: PT;\">Possibilidade de ter mais do que um tal\u00e3o de venda aberto em cada momento;<\/span><\/li>\n<li class=\"MsoNormal\" style=\"color: #0d3752; mso-margin-top-alt: auto; mso-margin-bottom-alt: auto; line-height: 18.0pt; mso-list: l0 level1 lfo2; tab-stops: list 36.0pt;\"><span style=\"font-size: 10.0pt; mso-bidi-font-size: 10.5pt; mso-fareast-font-family: 'Times New Roman'; mso-bidi-font-family: Helvetica; mso-fareast-language: PT;\">V\u00e1rios modos de pagamento (numer\u00e1rio, cheque, cart\u00e3o de cr\u00e9dito, multibanco, etc.);<\/span><\/li>\n<li class=\"MsoNormal\" style=\"color: #0d3752; mso-margin-top-alt: auto; mso-margin-bottom-alt: auto; line-height: 18.0pt; mso-list: l0 level1 lfo2; tab-stops: list 36.0pt;\"><span style=\"font-size: 10.0pt; mso-bidi-font-size: 10.5pt; mso-fareast-font-family: 'Times New Roman'; mso-bidi-font-family: Helvetica; mso-fareast-language: PT;\">Possibilidade de alterar o registo do vendedor respons\u00e1vel pela opera\u00e7\u00e3o;<\/span><\/li>\n<li class=\"MsoNormal\" style=\"color: #0d3752; mso-margin-top-alt: auto; mso-margin-bottom-alt: auto; line-height: 18.0pt; mso-list: l0 level1 lfo2; tab-stops: list 36.0pt;\"><span style=\"font-size: 10.0pt; mso-bidi-font-size: 10.5pt; mso-fareast-font-family: 'Times New Roman'; mso-bidi-font-family: Helvetica; mso-fareast-language: PT;\">Suspens\u00e3o e recupera\u00e7\u00e3o de Tal\u00f5es;<\/span><\/li>\n<li class=\"MsoNormal\" style=\"color: #0d3752; mso-margin-top-alt: auto; mso-margin-bottom-alt: auto; line-height: 18.0pt; mso-list: l0 level1 lfo2; tab-stops: list 36.0pt;\"><span style=\"font-size: 10.0pt; mso-bidi-font-size: 10.5pt; mso-fareast-font-family: 'Times New Roman'; mso-bidi-font-family: Helvetica; mso-fareast-language: PT;\">Gest\u00e3o e emiss\u00e3o de C\u00f3digos de Barras;<\/span><\/li>\n<li class=\"MsoNormal\" style=\"color: #0d3752; mso-margin-top-alt: auto; mso-margin-bottom-alt: auto; line-height: 18.0pt; mso-list: l0 level1 lfo2; tab-stops: list 36.0pt;\"><span style=\"font-size: 10.0pt; mso-bidi-font-size: 10.5pt; mso-fareast-font-family: 'Times New Roman'; mso-bidi-font-family: Helvetica; mso-fareast-language: PT;\">Configura\u00e7\u00e3o do posto, desde comandos dispon\u00edveis, opera\u00e7\u00f5es acess\u00edveis, atalhos para comandos e artigos (PLU\u2019s), bloqueio autom\u00e1tico;<\/span><\/li>\n<\/ul>\n<p class=\"MsoNormal\" style=\"margin-bottom: .0001pt; line-height: 18.0pt;\"><strong><span style=\"font-size: 10.0pt; mso-bidi-font-size: 10.5pt; mso-fareast-font-family: 'Times New Roman'; mso-bidi-font-family: Helvetica; color: #00adde; mso-fareast-language: PT;\">Gest\u00e3o de Stocks<\/span><\/strong><span style=\"font-size: 10.0pt; mso-bidi-font-size: 10.5pt; mso-fareast-font-family: 'Times New Roman'; mso-bidi-font-family: Helvetica; color: #0d3752; mso-fareast-language: PT;\"><br \/>\n<\/span><\/p>\n<ul type=\"disc\">\n<li class=\"MsoNormal\" style=\"color: #0d3752; mso-margin-top-alt: auto; mso-margin-bottom-alt: auto; line-height: 18.0pt; mso-list: l2 level1 lfo3; tab-stops: list 36.0pt;\"><span style=\"font-size: 10.0pt; mso-bidi-font-size: 10.5pt; mso-fareast-font-family: 'Times New Roman'; mso-bidi-font-family: Helvetica; mso-fareast-language: PT;\">Reserva de Stock no momento das Encomendas de clientes;<\/span><\/li>\n<li class=\"MsoNormal\" style=\"color: #0d3752; mso-margin-top-alt: auto; mso-margin-bottom-alt: auto; line-height: 18.0pt; mso-list: l2 level1 lfo3; tab-stops: list 36.0pt;\"><span style=\"font-size: 10.0pt; mso-bidi-font-size: 10.5pt; mso-fareast-font-family: 'Times New Roman'; mso-bidi-font-family: Helvetica; mso-fareast-language: PT;\">Introdu\u00e7\u00e3o de movimentos de Stock inicial;<\/span><\/li>\n<li class=\"MsoNormal\" style=\"color: #0d3752; mso-margin-top-alt: auto; mso-margin-bottom-alt: auto; line-height: 18.0pt; mso-list: l2 level1 lfo3; tab-stops: list 36.0pt;\"><span style=\"font-size: 10.0pt; mso-bidi-font-size: 10.5pt; mso-fareast-font-family: 'Times New Roman'; mso-bidi-font-family: Helvetica; mso-fareast-language: PT;\">Atualiza\u00e7\u00e3o de Stocks integrada com a fatura\u00e7\u00e3o;<\/span><\/li>\n<li class=\"MsoNormal\" style=\"color: #0d3752; mso-margin-top-alt: auto; mso-margin-bottom-alt: auto; line-height: 18.0pt; mso-list: l2 level1 lfo3; tab-stops: list 36.0pt;\"><span style=\"font-size: 10.0pt; mso-bidi-font-size: 10.5pt; mso-fareast-font-family: 'Times New Roman'; mso-bidi-font-family: Helvetica; mso-fareast-language: PT;\">Introdu\u00e7\u00e3o e emiss\u00e3o de documentos de entrada e sa\u00edda de Stock;<\/span><\/li>\n<li class=\"MsoNormal\" style=\"color: #0d3752; mso-margin-top-alt: auto; mso-margin-bottom-alt: auto; line-height: 18.0pt; mso-list: l2 level1 lfo3; tab-stops: list 36.0pt;\"><span style=\"font-size: 10.0pt; mso-bidi-font-size: 10.5pt; mso-fareast-font-family: 'Times New Roman'; mso-bidi-font-family: Helvetica; mso-fareast-language: PT;\">Possibilidade de executar entradas ou sa\u00eddas de Stock em quantidades ou apenas em valor;<\/span><\/li>\n<li class=\"MsoNormal\" style=\"color: #0d3752; mso-margin-top-alt: auto; mso-margin-bottom-alt: auto; line-height: 18.0pt; mso-list: l2 level1 lfo3; tab-stops: list 36.0pt;\"><span style=\"font-size: 10.0pt; mso-bidi-font-size: 10.5pt; mso-fareast-font-family: 'Times New Roman'; mso-bidi-font-family: Helvetica; mso-fareast-language: PT;\">Invent\u00e1rio.<\/span><\/li>\n<\/ul>\n<p class=\"MsoNormal\" style=\"margin-bottom: .0001pt; line-height: 18.0pt;\"><span style=\"font-size: 10.0pt; mso-bidi-font-size: 10.5pt; mso-fareast-font-family: 'Times New Roman'; mso-bidi-font-family: Helvetica; color: #0d3752; mso-fareast-language: PT;\"><\/p>\n<p><\/span><strong><span style=\"font-size: 10.0pt; mso-bidi-font-size: 10.5pt; mso-fareast-font-family: 'Times New Roman'; mso-bidi-font-family: Helvetica; color: #00adde; mso-fareast-language: PT;\">Informa\u00e7\u00e3o de Gest\u00e3o<\/span><\/strong><span style=\"font-size: 10.0pt; mso-bidi-font-size: 10.5pt; mso-fareast-font-family: 'Times New Roman'; mso-bidi-font-family: Helvetica; color: #0d3752; mso-fareast-language: PT;\"><br \/>\n<\/span><\/p>\n<ul type=\"disc\">\n<li class=\"MsoNormal\" style=\"color: #0d3752; mso-margin-top-alt: auto; mso-margin-bottom-alt: auto; line-height: 18.0pt; mso-list: l1 level1 lfo4; tab-stops: list 36.0pt;\"><span style=\"font-size: 10.0pt; mso-bidi-font-size: 10.5pt; mso-fareast-font-family: 'Times New Roman'; mso-bidi-font-family: Helvetica; mso-fareast-language: PT;\">Mapas de Vendas por Clientes, Artigos, Fam\u00edlias, Zonas e Vendedores;<\/span><\/li>\n<li class=\"MsoNormal\" style=\"color: #0d3752; mso-margin-top-alt: auto; mso-margin-bottom-alt: auto; line-height: 18.0pt; mso-list: l1 level1 lfo4; tab-stops: list 36.0pt;\"><span style=\"font-size: 10.0pt; mso-bidi-font-size: 10.5pt; mso-fareast-font-family: 'Times New Roman'; mso-bidi-font-family: Helvetica; mso-fareast-language: PT;\">Vendas gerais Di\u00e1rias, Mensais ou Trimestrais;<\/span><\/li>\n<li class=\"MsoNormal\" style=\"color: #0d3752; mso-margin-top-alt: auto; mso-margin-bottom-alt: auto; line-height: 18.0pt; mso-list: l1 level1 lfo4; tab-stops: list 36.0pt;\"><span style=\"font-size: 10.0pt; mso-bidi-font-size: 10.5pt; mso-fareast-font-family: 'Times New Roman'; mso-bidi-font-family: Helvetica; mso-fareast-language: PT;\">Extratos de Contas Correntes de Clientes;<\/span><\/li>\n<li class=\"MsoNormal\" style=\"color: #0d3752; mso-margin-top-alt: auto; mso-margin-bottom-alt: auto; line-height: 18.0pt; mso-list: l1 level1 lfo4; tab-stops: list 36.0pt;\"><span style=\"font-size: 10.0pt; mso-bidi-font-size: 10.5pt; mso-fareast-font-family: 'Times New Roman'; mso-bidi-font-family: Helvetica; mso-fareast-language: PT;\">Consultas de valores a receber;<\/span><\/li>\n<li class=\"MsoNormal\" style=\"color: #0d3752; mso-margin-top-alt: auto; mso-margin-bottom-alt: auto; line-height: 18.0pt; mso-list: l1 level1 lfo4; tab-stops: list 36.0pt;\"><span style=\"font-size: 10.0pt; mso-bidi-font-size: 10.5pt; mso-fareast-font-family: 'Times New Roman'; mso-bidi-font-family: Helvetica; mso-fareast-language: PT;\">Avisos de Vencimento;<\/span><\/li>\n<li class=\"MsoNormal\" style=\"color: #0d3752; mso-margin-top-alt: auto; mso-margin-bottom-alt: auto; line-height: 18.0pt; mso-list: l1 level1 lfo4; tab-stops: list 36.0pt;\"><span style=\"font-size: 10.0pt; mso-bidi-font-size: 10.5pt; mso-fareast-font-family: 'Times New Roman'; mso-bidi-font-family: Helvetica; mso-fareast-language: PT;\">Listagens diversas de Stocks, Invent\u00e1rios, Extratos de Artigo, etc.<\/span><\/li>\n<li class=\"MsoNormal\" style=\"color: #0d3752; mso-margin-top-alt: auto; mso-margin-bottom-alt: auto; line-height: 18.0pt; mso-list: l1 level1 lfo4; tab-stops: list 36.0pt;\"><span style=\"font-size: 10.0pt; mso-bidi-font-size: 10.5pt; mso-fareast-font-family: 'Times New Roman'; mso-bidi-font-family: Helvetica; mso-fareast-language: PT;\">Gr\u00e1ficos de vendas e an\u00e1lise de margens;<\/span><\/li>\n<li class=\"MsoNormal\" style=\"color: #0d3752; mso-margin-top-alt: auto; mso-margin-bottom-alt: auto; line-height: 18.0pt; mso-list: l1 level1 lfo4; tab-stops: list 36.0pt;\"><span style=\"font-size: 10.0pt; mso-bidi-font-size: 10.5pt; mso-fareast-font-family: 'Times New Roman'; mso-bidi-font-family: Helvetica; mso-fareast-language: PT;\">Listagem de documentos emitidos.<\/span><\/li>\n<\/ul>\n<p>&nbsp;<\/p>\n<p class=\"MsoNormal\"><strong><span style=\"font-size: 10.0pt; mso-bidi-font-size: 11.0pt; line-height: 107%; color: #1f4e79; mso-themecolor: accent1; mso-themeshade: 128;\">\u00a0<\/span><\/strong><\/p>\n<\/div>\n<\/div>\n<\/div>\n<div  class=\"mp-row-fluid motopress-row\">\n<div class=\"mp-span12 motopress-clmn\">\n<div class=\"motopress-text-obj\">\n<h2><span style=\"color: #0099cc;\">Tesouraria<\/span><\/h2>\n<\/div>\n<\/div>\n<\/div>\n<\/div>\n<\/div>\n<div  class=\"mp-row-fluid motopress-row\">\n<div class=\"mp-span12 motopress-clmn\">\n<div class=\"motopress-text-obj\">\n<p class=\"MsoNormal\" style=\"margin-bottom: .0001pt; line-height: 18.0pt;\"><em><span style=\"font-size: 14.0pt; mso-bidi-font-size: 15.0pt; mso-fareast-font-family: 'Times New Roman'; mso-bidi-font-family: Helvetica; color: #0d3752; mso-fareast-language: PT;\">Recebimentos e Gest\u00e3o de Conta Corrente<\/span><\/em><\/p>\n<p class=\"MsoNormal\" style=\"margin-bottom: .0001pt; line-height: 18.0pt;\"><strong><span style=\"font-size: 10.0pt; mso-bidi-font-size: 10.5pt; mso-fareast-font-family: 'Times New Roman'; mso-bidi-font-family: Helvetica; color: #00adde; mso-fareast-language: PT;\">Contas Correntes Clientes<\/span><\/strong><span style=\"font-size: 10.0pt; mso-bidi-font-size: 10.5pt; mso-fareast-font-family: 'Times New Roman'; mso-bidi-font-family: Helvetica; color: #0d3752; mso-fareast-language: PT;\"><\/p>\n<p>Gest\u00e3o de Contas Correntes de Clientes e Outros Devedores;<br \/>\nEmiss\u00e3o de Recibos;<br \/>\nPossibilidade de efetuar Liquida\u00e7\u00f5es Parciais;<br \/>\nFatura\u00e7\u00e3o de servi\u00e7os;<br \/>\nFaturas com reten\u00e7\u00e3o;<br \/>\nPossibilidade de estornar (anular) Liquida\u00e7\u00f5es j\u00e1 efetuadas;<br \/>\nPossibilidade de estabelecer limite de cr\u00e9dito em dias de vencimento;<br \/>\nM\u00faltiplos modos de pagamento: numer\u00e1rio, cheque, cart\u00e3o de cr\u00e9dito, multibanco, etc.<\/span><\/p>\n<p>&nbsp;<\/p>\n<p class=\"MsoNormal\" style=\"margin-bottom: 5.0pt; line-height: 18.0pt;\"><strong><span style=\"font-size: 10.0pt; mso-bidi-font-size: 10.5pt; mso-fareast-font-family: 'Times New Roman'; mso-bidi-font-family: Helvetica; color: #00adde; mso-fareast-language: PT;\">Recebimentos<\/span><\/strong><span style=\"font-size: 10.0pt; mso-bidi-font-size: 10.5pt; mso-fareast-font-family: 'Times New Roman'; mso-bidi-font-family: Helvetica; color: #0d3752; mso-fareast-language: PT;\"><\/p>\n<p>Diversos tipos de opera\u00e7\u00f5es: Liquida\u00e7\u00f5es (parciais, com valores em excesso, com descontos, regulariza\u00e7\u00e3o de IVA), Lan\u00e7amento direto de Pendentes (ex. adiantamentos);<br \/>\nGest\u00e3o do limite de cr\u00e9dito;<br \/>\nCondi\u00e7\u00f5es de pagamento configur\u00e1veis com gera\u00e7\u00e3o autom\u00e1tica de Recibos por data de Vencimento (pagamento a presta\u00e7\u00f5es).<\/span><\/p>\n<\/div>\n<\/div>\n<\/div>\n","protected":false},"excerpt":{"rendered":"","protected":false},"author":1,"featured_media":0,"parent":0,"menu_order":0,"comment_status":"open","ping_status":"closed","template":"page-fullwidth.php","meta":[],"_links":{"self":[{"href":"https:\/\/www.litinfor.pt\/index.php?rest_route=\/wp\/v2\/pages\/2319"}],"collection":[{"href":"https:\/\/www.litinfor.pt\/index.php?rest_route=\/wp\/v2\/pages"}],"about":[{"href":"https:\/\/www.litinfor.pt\/index.php?rest_route=\/wp\/v2\/types\/page"}],"author":[{"embeddable":true,"href":"https:\/\/www.litinfor.pt\/index.php?rest_route=\/wp\/v2\/users\/1"}],"replies":[{"embeddable":true,"href":"https:\/\/www.litinfor.pt\/index.php?rest_route=%2Fwp%2Fv2%2Fcomments&post=2319"}],"version-history":[{"count":2,"href":"https:\/\/www.litinfor.pt\/index.php?rest_route=\/wp\/v2\/pages\/2319\/revisions"}],"predecessor-version":[{"id":2322,"href":"https:\/\/www.litinfor.pt\/index.php?rest_route=\/wp\/v2\/pages\/2319\/revisions\/2322"}],"wp:attachment":[{"href":"https:\/\/www.litinfor.pt\/index.php?rest_route=%2Fwp%2Fv2%2Fmedia&parent=2319"}],"curies":[{"name":"wp","href":"https:\/\/api.w.org\/{rel}","templated":true}]}}