{"id":2301,"date":"2015-07-17T14:02:05","date_gmt":"2015-07-17T14:02:05","guid":{"rendered":"http:\/\/teste.somaquifer.pt\/wordpress\/?page_id=2301"},"modified":"2015-07-23T15:10:22","modified_gmt":"2015-07-23T15:10:22","slug":"formacao","status":"publish","type":"page","link":"https:\/\/www.litinfor.pt\/?page_id=2301","title":{"rendered":"Forma\u00e7\u00e3o"},"content":{"rendered":"<div  class=\"mp-row-fluid motopress-row\">\n<div class=\"mp-span12 motopress-clmn\">\n<div class=\"motopress-image-obj motopress-text-align-left\"><img src=\"https:\/\/www.litinfor.pt\/wp-content\/uploads\/2015\/07\/formacao_top1.jpg\" title=\"formacao_top1\" alt=\"formacao_top1\" class=\"motopress-image-obj-basic\" \/><\/div>\n<\/div>\n<\/div>\n<div  class=\"mp-row-fluid motopress-row\">\n<div class=\"mp-span12 motopress-clmn\">\n<div class=\"motopress-text-obj\">\n<h2>Forma\u00e7\u00e3o<\/h2>\n<\/div>\n<\/div>\n<\/div>\n<div  class=\"mp-row-fluid motopress-row\">\n<div class=\"mp-span12 motopress-clmn\">\n<div class=\"motopress-text-obj\">\n<p class=\"MsoNormal\" style=\"line-height: 18.0pt;\"><em><span style=\"font-size: 14.0pt; mso-bidi-font-size: 15.0pt; mso-bidi-font-family: Helvetica; color: #0d3752;\">Forma\u00e7\u00e3o \u00e0 Medida<\/span><\/em><\/p>\n<p class=\"MsoNormal\" style=\"line-height: 18.0pt;\"><span style=\"font-size: 10.0pt; mso-bidi-font-size: 10.5pt; mso-bidi-font-family: Helvetica; color: #0d3752;\">Os servi\u00e7os de forma\u00e7\u00e3o prestados pela LITINFOR est\u00e3o vocacionados sobretudo para as solu\u00e7\u00f5es de gest\u00e3o de informa\u00e7\u00e3o dos nossos parceiros PRIMAVERA.<\/span><\/p>\n<h3><span style=\"font-size: 10.5pt; line-height: 107%; font-family: 'Calibri',sans-serif; mso-ascii-theme-font: minor-latin; mso-hansi-theme-font: minor-latin; mso-bidi-font-family: Helvetica; color: #00adde;\">Formadores<\/span><\/h3>\n<p class=\"MsoNormal\" style=\"line-height: 18.0pt;\"><span style=\"font-size: 10.0pt; mso-bidi-font-size: 10.5pt; mso-bidi-font-family: Helvetica; color: #0d3752;\">\u00a0A nossa equipa de formadores caracteriza-se por:<\/span><\/p>\n<ul type=\"disc\">\n<li class=\"MsoNormal\" style=\"color: #0d3752; mso-margin-top-alt: auto; mso-margin-bottom-alt: auto; line-height: 18.0pt; mso-list: l1 level1 lfo1; tab-stops: list 36.0pt;\"><span style=\"font-size: 10.0pt; mso-bidi-font-size: 10.5pt; mso-bidi-font-family: Helvetica;\">Uma vasta experi\u00eancia de implementa\u00e7\u00f5es dos sistemas de gest\u00e3o;<\/span><\/li>\n<li class=\"MsoNormal\" style=\"color: #0d3752; mso-margin-top-alt: auto; mso-margin-bottom-alt: auto; line-height: 18.0pt; mso-list: l1 level1 lfo1; tab-stops: list 36.0pt;\"><span style=\"font-size: 10.0pt; mso-bidi-font-size: 10.5pt; mso-bidi-font-family: Helvetica;\">Experi\u00eancia no acompanhamento e manuten\u00e7\u00e3o dos mesmos;<\/span><\/li>\n<li class=\"MsoNormal\" style=\"color: #0d3752; mso-margin-top-alt: auto; mso-margin-bottom-alt: auto; line-height: 18.0pt; mso-list: l1 level1 lfo1; tab-stops: list 36.0pt;\"><span style=\"font-size: 10.0pt; mso-bidi-font-size: 10.5pt; mso-bidi-font-family: Helvetica;\">Forma\u00e7\u00e3o acad\u00e9mica de n\u00edvel superior nas \u00e1reas da forma\u00e7\u00e3o ministrada.<\/span><\/li>\n<\/ul>\n<p class=\"MsoNormal\" style=\"margin-bottom: .0001pt; line-height: 18.0pt;\"><span style=\"font-size: 10.0pt; mso-bidi-font-size: 10.5pt; mso-bidi-font-family: Helvetica; color: #0d3752;\">\u00a0<\/span><\/p>\n<h3><span style=\"font-size: 10.5pt; line-height: 107%; font-family: 'Calibri',sans-serif; mso-ascii-theme-font: minor-latin; mso-hansi-theme-font: minor-latin; mso-bidi-font-family: Helvetica; color: #00adde;\">Modalidades de Forma\u00e7\u00e3o<\/span><\/h3>\n<p class=\"MsoNormal\" style=\"line-height: 18.0pt;\"><span style=\"font-size: 10.0pt; mso-bidi-font-size: 10.5pt; mso-bidi-font-family: Helvetica; color: #0d3752;\">\u00a0As nossas a\u00e7\u00f5es de forma\u00e7\u00e3o podem ser desenhadas \u00e0 medida das necessidades dos nossos clientes e t\u00eam em conta os processos implementados ou a implementar nas suas organiza\u00e7\u00f5es.<br \/>\nAs a\u00e7\u00f5es de forma\u00e7\u00e3o podem realizar-se:<\/span><\/p>\n<ul type=\"disc\">\n<li class=\"MsoNormal\" style=\"color: #0d3752; mso-margin-top-alt: auto; mso-margin-bottom-alt: auto; line-height: 18.0pt; mso-list: l0 level1 lfo2; tab-stops: list 36.0pt;\"><span style=\"font-size: 10.0pt; mso-bidi-font-size: 10.5pt; mso-bidi-font-family: Helvetica;\">Nas instala\u00e7\u00f5es do cliente, em sala;<\/span><\/li>\n<li class=\"MsoNormal\" style=\"color: #0d3752; mso-margin-top-alt: auto; mso-margin-bottom-alt: auto; line-height: 18.0pt; mso-list: l0 level1 lfo2; tab-stops: list 36.0pt;\"><span style=\"font-size: 10.0pt; mso-bidi-font-size: 10.5pt; mso-bidi-font-family: Helvetica;\">Nas instala\u00e7\u00f5es da LITINFOR.<\/span><\/li>\n<\/ul>\n<p class=\"MsoNormal\"><strong>\u00a0<\/strong><\/p>\n<\/div>\n<\/div>\n<\/div>\n<div  class=\"mp-row-fluid motopress-row\">\n<div class=\"mp-span12 motopress-clmn\">\n<div class=\"motopress-image-obj motopress-text-align-center\"><img src=\"https:\/\/www.litinfor.pt\/wp-content\/uploads\/2015\/07\/formacao_top2.jpg.png\" title=\"formacao_top2.jpg\" alt=\"formacao_top2.jpg\" class=\"motopress-image-obj-basic\" \/><\/div>\n<\/div>\n<\/div>\n","protected":false},"excerpt":{"rendered":"","protected":false},"author":1,"featured_media":0,"parent":0,"menu_order":0,"comment_status":"open","ping_status":"closed","template":"page-fullwidth.php","meta":[],"_links":{"self":[{"href":"https:\/\/www.litinfor.pt\/index.php?rest_route=\/wp\/v2\/pages\/2301"}],"collection":[{"href":"https:\/\/www.litinfor.pt\/index.php?rest_route=\/wp\/v2\/pages"}],"about":[{"href":"https:\/\/www.litinfor.pt\/index.php?rest_route=\/wp\/v2\/types\/page"}],"author":[{"embeddable":true,"href":"https:\/\/www.litinfor.pt\/index.php?rest_route=\/wp\/v2\/users\/1"}],"replies":[{"embeddable":true,"href":"https:\/\/www.litinfor.pt\/index.php?rest_route=%2Fwp%2Fv2%2Fcomments&post=2301"}],"version-history":[{"count":4,"href":"https:\/\/www.litinfor.pt\/index.php?rest_route=\/wp\/v2\/pages\/2301\/revisions"}],"predecessor-version":[{"id":2551,"href":"https:\/\/www.litinfor.pt\/index.php?rest_route=\/wp\/v2\/pages\/2301\/revisions\/2551"}],"wp:attachment":[{"href":"https:\/\/www.litinfor.pt\/index.php?rest_route=%2Fwp%2Fv2%2Fmedia&parent=2301"}],"curies":[{"name":"wp","href":"https:\/\/api.w.org\/{rel}","templated":true}]}}