{"id":2298,"date":"2015-07-17T13:47:31","date_gmt":"2015-07-17T13:47:31","guid":{"rendered":"http:\/\/teste.somaquifer.pt\/wordpress\/?page_id=2298"},"modified":"2015-08-06T19:10:47","modified_gmt":"2015-08-06T19:10:47","slug":"consultoria","status":"publish","type":"page","link":"https:\/\/www.litinfor.pt\/?page_id=2298","title":{"rendered":"Consultoria"},"content":{"rendered":"<div  class=\"mp-row-fluid motopress-row\">\n<div class=\"mp-span12 motopress-clmn\">\n<div class=\"motopress-image-obj motopress-text-align-left\"><img src=\"https:\/\/www.litinfor.pt\/wp-content\/uploads\/2015\/07\/Consulturia.jpg\" title=\"Consulturia\" alt=\"Consulturia\" class=\"motopress-image-obj-basic\" \/><\/div>\n<\/div>\n<\/div>\n<div  class=\"mp-row-fluid motopress-row\">\n<div class=\"mp-span12 motopress-clmn\">\n<div class=\"motopress-text-obj\">\n<h2><span style=\"color: #0099cc;\">Solu\u00e7\u00f5es \"chave-na-m\u00e3o\"<\/span><\/h2>\n<\/div>\n<\/div>\n<\/div>\n<div  class=\"mp-row-fluid motopress-row\">\n<div class=\"mp-span12 motopress-clmn\">\n<div class=\"motopress-text-obj\">\n<p>A LITINFOR centra-se nas necessidades e prioridades do cliente, sendo assim o servi\u00e7o de Consultoria tem como miss\u00e3o apoiar os clientes empresariais na fase de an\u00e1lise, planeamento e conce\u00e7\u00e3o dos Sistemas de Informa\u00e7\u00e3o, desenvolvendo solu\u00e7\u00f5es de valor acrescentado, que contribuam para o sucesso das organiza\u00e7\u00f5es, tendo sempre em conta a estrat\u00e9gia do cliente.<\/p>\n<p>Assim, pretende-se diagnosticar a adequabilidade dos Sistemas de Gest\u00e3o, com a estrat\u00e9gia da sua empresa e neg\u00f3cio. E a pensar na exig\u00eancia do mercado e nas especifica\u00e7\u00f5es da sua empresa, a LITINFOR disponibiliza um servi\u00e7o \u201cchave-na-m\u00e3o\u201d.<\/p>\n<p>A \u00e1rea de solu\u00e7\u00f5es \u201cChave-na-m\u00e3o\" da LITINFOR integra um conjunto de profissionais experientes com o prop\u00f3sito de dar resposta \u00e0s necessidade e exig\u00eancias de cada cliente. Estes profissionais t\u00eam forma\u00e7\u00e3o e s\u00e3o especializados ao n\u00edvel das Infra-estruturas e Sistemas de Gest\u00e3o.<\/p>\n<p>&nbsp;<\/p>\n<\/div>\n<\/div>\n<\/div>\n","protected":false},"excerpt":{"rendered":"","protected":false},"author":1,"featured_media":0,"parent":0,"menu_order":0,"comment_status":"open","ping_status":"open","template":"page-fullwidth.php","meta":[],"_links":{"self":[{"href":"https:\/\/www.litinfor.pt\/index.php?rest_route=\/wp\/v2\/pages\/2298"}],"collection":[{"href":"https:\/\/www.litinfor.pt\/index.php?rest_route=\/wp\/v2\/pages"}],"about":[{"href":"https:\/\/www.litinfor.pt\/index.php?rest_route=\/wp\/v2\/types\/page"}],"author":[{"embeddable":true,"href":"https:\/\/www.litinfor.pt\/index.php?rest_route=\/wp\/v2\/users\/1"}],"replies":[{"embeddable":true,"href":"https:\/\/www.litinfor.pt\/index.php?rest_route=%2Fwp%2Fv2%2Fcomments&post=2298"}],"version-history":[{"count":8,"href":"https:\/\/www.litinfor.pt\/index.php?rest_route=\/wp\/v2\/pages\/2298\/revisions"}],"predecessor-version":[{"id":2592,"href":"https:\/\/www.litinfor.pt\/index.php?rest_route=\/wp\/v2\/pages\/2298\/revisions\/2592"}],"wp:attachment":[{"href":"https:\/\/www.litinfor.pt\/index.php?rest_route=%2Fwp%2Fv2%2Fmedia&parent=2298"}],"curies":[{"name":"wp","href":"https:\/\/api.w.org\/{rel}","templated":true}]}}