{"id":2142,"date":"2015-04-08T10:18:25","date_gmt":"2015-04-08T10:18:25","guid":{"rendered":"http:\/\/teste.somaquifer.pt\/wordpress\/?page_id=2142"},"modified":"2015-07-17T17:20:28","modified_gmt":"2015-07-17T17:20:28","slug":"private-access","status":"publish","type":"page","link":"https:\/\/www.litinfor.pt\/?page_id=2142","title":{"rendered":"Suporte"},"content":{"rendered":"<div  class=\"mp-row-fluid motopress-row\">\n<div class=\"mp-span12 motopress-clmn\">\n<div class=\"motopress-image-obj motopress-text-align-left\"><img src=\"https:\/\/www.litinfor.pt\/wp-content\/uploads\/2015\/04\/Suporte_Top.png\" title=\"Suporte_Top\" alt=\"Suporte_Top\" class=\"motopress-image-obj-basic\" \/><\/div>\n<\/div>\n<\/div>\n<div  class=\"mp-row-fluid motopress-row\">\n<div class=\"mp-span12 motopress-clmn\">\n<div class=\"motopress-text-obj\">\n<h2><span style=\"color: #0099cc;\">Suporte e Manuten\u00e7\u00e3o<\/span><\/h2>\n<\/div>\n<\/div>\n<\/div>\n<div  class=\"mp-row-fluid motopress-row\">\n<div class=\"mp-span12 motopress-clmn\">\n<div class=\"motopress-text-obj\">\n<p class=\"MsoNormal\"><span style=\"font-size: 10.5pt; line-height: 107%; font-family: 'Verdana',sans-serif; mso-fareast-font-family: 'Times New Roman'; mso-bidi-font-family: 'Times New Roman'; color: #1f4e79; mso-themecolor: accent1; mso-themeshade: 128; mso-fareast-language: PT;\">\u00c9 sempre necess\u00e1rio encarar a inform\u00e1tica como uma ferramenta de apoio ao desempenho profissional de qualquer pessoa e, como tal,\u00a0\u00e9 absolutamente necess\u00e1rio transmitir toda a informa\u00e7\u00e3o necess\u00e1ria para a total e correta explora\u00e7\u00e3o dos meios inform\u00e1ticos ao seu dispor.<\/p>\n<p>A Litinfor disp\u00f5e de uma equipa altamente especializada e treinada, com muitos anos de experi\u00eancia, na \u00e1rea de suporte, manuten\u00e7\u00e3o\u00a0e forma\u00e7\u00e3o. Ao longo de mais de 30 anos prestamos suporte t\u00e9cnico a centenas de escrit\u00f3rios e lojas, onde o n\u00ed\u00advel de conhecimentos inform\u00e1ticos s\u00e3o os mais d\u00ed\u00adspares.<\/p>\n<p>O nosso suporte t\u00e9cnico distribui-se por:<br \/>\n- Help Desk de primeira linha;<br \/>\n- Apoio local para resolu\u00e7\u00e3o de problemas de hardware ou que obriguem \u00e0\u00a0 desloca\u00e7\u00e3o ao cliente;<br \/>\n- Substitui\u00e7\u00e3o\\Manuten\u00e7\u00e3o de hardware por forma a minimizar os inconvenientes causados pelas avarias;<br \/>\n- Problemas\u00a0de rede;<br \/>\n- Upgrades\/Backups;<br \/>\n- Forma\u00e7\u00e3o local ou remota;<br \/>\n- Primavera Software;<\/span><\/p>\n<\/div>\n<\/div>\n<\/div>\n","protected":false},"excerpt":{"rendered":"","protected":false},"author":1,"featured_media":0,"parent":0,"menu_order":0,"comment_status":"open","ping_status":"closed","template":"page-fullwidth.php","meta":[],"_links":{"self":[{"href":"https:\/\/www.litinfor.pt\/index.php?rest_route=\/wp\/v2\/pages\/2142"}],"collection":[{"href":"https:\/\/www.litinfor.pt\/index.php?rest_route=\/wp\/v2\/pages"}],"about":[{"href":"https:\/\/www.litinfor.pt\/index.php?rest_route=\/wp\/v2\/types\/page"}],"author":[{"embeddable":true,"href":"https:\/\/www.litinfor.pt\/index.php?rest_route=\/wp\/v2\/users\/1"}],"replies":[{"embeddable":true,"href":"https:\/\/www.litinfor.pt\/index.php?rest_route=%2Fwp%2Fv2%2Fcomments&post=2142"}],"version-history":[{"count":4,"href":"https:\/\/www.litinfor.pt\/index.php?rest_route=\/wp\/v2\/pages\/2142\/revisions"}],"predecessor-version":[{"id":2417,"href":"https:\/\/www.litinfor.pt\/index.php?rest_route=\/wp\/v2\/pages\/2142\/revisions\/2417"}],"wp:attachment":[{"href":"https:\/\/www.litinfor.pt\/index.php?rest_route=%2Fwp%2Fv2%2Fmedia&parent=2142"}],"curies":[{"name":"wp","href":"https:\/\/api.w.org\/{rel}","templated":true}]}}